{"id":221,"date":"2025-02-24T16:43:59","date_gmt":"2025-02-24T16:43:59","guid":{"rendered":"https:\/\/projekt-repetycja.pl\/?page_id=221"},"modified":"2025-02-28T21:20:05","modified_gmt":"2025-02-28T21:20:05","slug":"o-projekcie","status":"publish","type":"page","link":"https:\/\/projekt-repetycja.pl\/pl\/o-projekcie\/","title":{"rendered":"O projekcie"},"content":{"rendered":"\n<p><em>Projekt: repetycja. Cyfrowe odtworzenie prac polskich artystek pierwszej po\u0142owy XX wieku<\/em> to projekt, kt\u00f3ry powsta\u0142 w ramach stypendium KPO dla kultury. Celem programu by\u0142o zapewnienie zindywidualizowanego szkolenia zawodowego oraz rozw\u00f3j umiej\u0119tno\u015bci artystycznych i cyfrowych. Jestem rze\u017abiark\u0105, kt\u00f3ra w ramach stypendium chcia\u0142a poszerzy\u0107 swoje kompetencje w zakresie pos\u0142ugiwania si\u0119 programem do animacji i projektowania 3D Blender. Efektem mojej nauki i pracy s\u0105 4 cyfrowe rekonstrukcje dzie\u0142 polskich artystek:<\/p>\n\n\n\n<ul class=\"wp-block-list\">\n<li><em>Popielniczniczki dwusierpowej<\/em> kultowego przedmiotu w stylu art d\u00e9co Juli Keilowej z 1935 roku<\/li>\n\n\n\n<li><em>Projektu kabiny tytoniowej<\/em> konkursowego projektu kiosku Katarzyny Kobro i W\u0142adys\u0142awa Strzemi\u0144skiego z 1927 roku<\/li>\n\n\n\n<li><em>Szklane \u0142\u00f3\u017cko trumna <\/em>mebel przeznaczony do funkcjonalnego wn\u0119trza projektu Sary Lipskiej, prekursorki zastosowania szk\u0142a we wn\u0119trzarskiej sztuce dekoracyjnej<\/li>\n\n\n\n<li><em>Syrena Warszawska<\/em> Ludwiki Nitschowej, pomnik w formie pierwotnego pomys\u0142u autorki- monumentu wykonanego z zielonego szk\u0142a o wysoko\u015bci 20 metr\u00f3w posadowionego na \u015brodku Wis\u0142y<\/li>\n<\/ul>\n\n\n\n<p>S\u0105 takie dzie\u0142a sztuki, o kt\u00f3rych si\u0119 my\u015bli, fantazjuje i takie kt\u00f3re si\u0119 przekszta\u0142ca. Realizacja <em>Projekt<\/em><em>u<\/em><em>: repetycja<\/em> da\u0142a mi mo\u017cliwo\u015b\u0107 przyjrzenia si\u0119 w\u0142a\u015bnie czterem takim pracom. Mog\u0142am dok\u0142adniej pozna\u0107 tw\u00f3rczo\u015b\u0107 artystek oraz pozosta\u0107 pod wra\u017ceniem ich pracy przez jaki\u015b czas. Rekonstrukcje, kt\u00f3re powsta\u0142y w ramach tego projektu bazowa\u0142y na projektach, fotografiach, a w jednym przypadku wystarczy\u0142a sugestywna wypowied\u017a autorki, \u017ceby zainspirowa\u0107 mnie do stworzenia wirtualnego modelu.<\/p>\n\n\n\n<div class=\"wp-block-file\" style=\"margin-top:0;margin-bottom:0;padding-top:var(--wp--preset--spacing--20);padding-bottom:var(--wp--preset--spacing--20)\"><a id=\"wp-block-file--media-0a744547-01d1-4f80-858f-a7b8de8d3c59\" href=\"https:\/\/projekt-repetycja.pl\/wp-content\/uploads\/sites\/6\/2025\/02\/broszura_KPO_AdaBiedka_2024.pdf\">Broszura<\/a><a href=\"https:\/\/projekt-repetycja.pl\/wp-content\/uploads\/sites\/6\/2025\/02\/broszura_KPO_AdaBiedka_2024.pdf\" class=\"wp-block-file__button wp-element-button\" download aria-describedby=\"wp-block-file--media-0a744547-01d1-4f80-858f-a7b8de8d3c59\">Pobierz<\/a><\/div>\n\n\n\n<div class=\"wp-block-file\" style=\"margin-top:var(--wp--preset--spacing--20);margin-bottom:var(--wp--preset--spacing--20);padding-right:0;padding-left:0\"><a id=\"wp-block-file--media-fc09244d-6b8c-4684-a07b-83ce95e784d4\" href=\"https:\/\/projekt-repetycja.pl\/wp-content\/uploads\/sites\/6\/2025\/02\/brochure_KPO_AdaBiedka_2024.pdf\">Brochure<\/a><a href=\"https:\/\/projekt-repetycja.pl\/wp-content\/uploads\/sites\/6\/2025\/02\/brochure_KPO_AdaBiedka_2024.pdf\" class=\"wp-block-file__button wp-element-button\" download aria-describedby=\"wp-block-file--media-fc09244d-6b8c-4684-a07b-83ce95e784d4\">Pobierz<\/a><\/div>\n","protected":false},"excerpt":{"rendered":"<p>Projekt: repetycja. Cyfrowe odtworzenie prac polskich artystek pierwszej po\u0142owy XX wieku to projekt, kt\u00f3ry powsta\u0142 w ramach stypendium KPO dla kultury. Celem programu by\u0142o zapewnienie zindywidualizowanego szkolenia zawodowego oraz rozw\u00f3j umiej\u0119tno\u015bci artystycznych i cyfrowych. Jestem rze\u017abiark\u0105, kt\u00f3ra w ramach stypendium chcia\u0142a poszerzy\u0107 swoje kompetencje w zakresie pos\u0142ugiwania si\u0119 programem do animacji i projektowania 3D Blender. [&hellip;]<\/p>\n","protected":false},"author":1,"featured_media":0,"parent":0,"menu_order":0,"comment_status":"closed","ping_status":"closed","template":"","meta":{"footnotes":""},"class_list":["post-221","page","type-page","status-publish","hentry"],"_links":{"self":[{"href":"https:\/\/projekt-repetycja.pl\/pl\/wp-json\/wp\/v2\/pages\/221","targetHints":{"allow":["GET"]}}],"collection":[{"href":"https:\/\/projekt-repetycja.pl\/pl\/wp-json\/wp\/v2\/pages"}],"about":[{"href":"https:\/\/projekt-repetycja.pl\/pl\/wp-json\/wp\/v2\/types\/page"}],"author":[{"embeddable":true,"href":"https:\/\/projekt-repetycja.pl\/pl\/wp-json\/wp\/v2\/users\/1"}],"replies":[{"embeddable":true,"href":"https:\/\/projekt-repetycja.pl\/pl\/wp-json\/wp\/v2\/comments?post=221"}],"version-history":[{"count":7,"href":"https:\/\/projekt-repetycja.pl\/pl\/wp-json\/wp\/v2\/pages\/221\/revisions"}],"predecessor-version":[{"id":400,"href":"https:\/\/projekt-repetycja.pl\/pl\/wp-json\/wp\/v2\/pages\/221\/revisions\/400"}],"wp:attachment":[{"href":"https:\/\/projekt-repetycja.pl\/pl\/wp-json\/wp\/v2\/media?parent=221"}],"curies":[{"name":"wp","href":"https:\/\/api.w.org\/{rel}","templated":true}]}}